{"id":2,"date":"2021-05-22T16:23:04","date_gmt":"2021-05-22T16:23:04","guid":{"rendered":"https:\/\/bluemica.pl\/de\/?page_id=2"},"modified":"2022-06-02T22:55:38","modified_gmt":"2022-06-02T22:55:38","slug":"zimmer","status":"publish","type":"page","link":"https:\/\/bluemica.pl\/de\/zimmer\/","title":{"rendered":"Zimmer"},"content":{"rendered":"\t\t<div data-elementor-type=\"wp-page\" data-elementor-id=\"2\" class=\"elementor elementor-2\">\n\t\t\t\t\t\t\t\t\t<section class=\"elementor-section elementor-top-section elementor-element elementor-element-c07b58f elementor-section-full_width elementor-section-stretched elementor-section-height-default elementor-section-height-default qodef-elementor-content-no\" data-id=\"c07b58f\" data-element_type=\"section\" data-settings=\"{&quot;stretch_section&quot;:&quot;section-stretched&quot;}\">\n\t\t\t\t\t\t<div class=\"elementor-container elementor-column-gap-default\">\n\t\t\t\t\t<div class=\"elementor-column elementor-col-100 elementor-top-column elementor-element elementor-element-448eba8\" data-id=\"448eba8\" data-element_type=\"column\">\n\t\t\t<div class=\"elementor-widget-wrap elementor-element-populated\">\n\t\t\t\t\t\t\t\t<div class=\"elementor-element elementor-element-ab322a5 elementor-widget elementor-widget-augustine_core_section_title\" data-id=\"ab322a5\" data-element_type=\"widget\" data-widget_type=\"augustine_core_section_title.default\">\n\t\t\t\t<div class=\"elementor-widget-container\">\n\t\t\t<div class=\"qodef-shortcode qodef-m  qodef-section-title qodef-alignment--left  qodef-title-appear qodef-title-alt-appear  \">\n\t\t\t\t<h1 class=\"qodef-m-title\" >\n\t\t\t\t\tUnsere Zimmer\t\t\t<\/h1>\n\t\t<\/div>\t\t<\/div>\n\t\t\t\t<\/div>\n\t\t\t\t\t<\/div>\n\t\t<\/div>\n\t\t\t\t\t\t\t<\/div>\n\t\t<\/section>\n\t\t\t\t<section class=\"elementor-section elementor-top-section elementor-element elementor-element-3f7a99d qodef-elementor-content-grid elementor-section-full_width elementor-section-height-default elementor-section-height-default\" data-id=\"3f7a99d\" data-element_type=\"section\">\n\t\t\t\t\t\t<div class=\"elementor-container elementor-column-gap-default\">\n\t\t\t\t\t<div class=\"elementor-column elementor-col-50 elementor-top-column elementor-element elementor-element-8dcf3b9\" data-id=\"8dcf3b9\" data-element_type=\"column\">\n\t\t\t<div class=\"elementor-widget-wrap elementor-element-populated\">\n\t\t\t\t\t\t\t\t<div class=\"elementor-element elementor-element-e25a8aa elementor-widget__width-initial elementor-widget elementor-widget-text-editor\" data-id=\"e25a8aa\" data-element_type=\"widget\" data-widget_type=\"text-editor.default\">\n\t\t\t\t<div class=\"elementor-widget-container\">\n\t\t\t\t\t\t\t<p align=\"justify\">Unsere Villa bietet komfortable 2-, 3- und 4-Bett-Zimmer (Studio-Typ). Alle Zimmer sind mit Bad, Haartrockner, TV, Minibar, Tee- und Kaffeezubereitungsm\u00f6glichkeiten und High-Speed-WLAN-Zugang ausgestattet. Die Zimmer in der ersten und zweiten Etage haben einen eigenen Balkon. Es gibt eine voll ausgestattete K\u00fcche und ein Esszimmer auf dem Gel\u00e4nde. Au\u00dferdem verf\u00fcgen wir \u00fcber einen Grillplatz und einen kleinen Spielplatz f\u00fcr Kinder.<\/p>\t\t\t\t\t\t<\/div>\n\t\t\t\t<\/div>\n\t\t\t\t\t<\/div>\n\t\t<\/div>\n\t\t\t\t<div class=\"elementor-column elementor-col-50 elementor-top-column elementor-element elementor-element-d8297f6\" data-id=\"d8297f6\" data-element_type=\"column\">\n\t\t\t<div class=\"elementor-widget-wrap elementor-element-populated\">\n\t\t\t\t\t\t\t\t<div class=\"elementor-element elementor-element-9ba83f4 elementor-widget__width-initial elementor-widget elementor-widget-text-editor\" data-id=\"9ba83f4\" data-element_type=\"widget\" data-widget_type=\"text-editor.default\">\n\t\t\t\t<div class=\"elementor-widget-container\">\n\t\t\t\t\t\t\t<p align=\"justify\">F\u00fcr G\u00e4ste, die mit dem Auto anreisen, bieten wir kostenpflichtige Parkpl\u00e4tze an der Unterkunft an. Dank unserer langj\u00e4hrigen Erfahrung in der Hotellerie haben wir jedes Detail verfeinert und den perfekten Ort f\u00fcr das Wohlbefinden unserer G\u00e4ste geschaffen.<br \/><br \/><\/p><center><strong>Wir laden Sie ein, sich mit unserem Angebot vertraut zu machen!<\/strong><\/center>\t\t\t\t\t\t<\/div>\n\t\t\t\t<\/div>\n\t\t\t\t\t<\/div>\n\t\t<\/div>\n\t\t\t\t\t\t\t<\/div>\n\t\t<\/section>\n\t\t\t\t<section class=\"elementor-section elementor-top-section elementor-element elementor-element-24e3178 elementor-section-full_width elementor-section-stretched elementor-section-height-default elementor-section-height-default qodef-elementor-content-no\" data-id=\"24e3178\" data-element_type=\"section\" data-settings=\"{&quot;stretch_section&quot;:&quot;section-stretched&quot;}\">\n\t\t\t\t\t\t<div class=\"elementor-container elementor-column-gap-default\">\n\t\t\t\t\t<div class=\"elementor-column elementor-col-66 elementor-top-column elementor-element elementor-element-e448145\" data-id=\"e448145\" data-element_type=\"column\">\n\t\t\t<div class=\"elementor-widget-wrap elementor-element-populated\">\n\t\t\t\t\t\t\t\t<div class=\"elementor-element elementor-element-2f367ee elementor-arrows-position-inside elementor-widget elementor-widget-image-carousel\" data-id=\"2f367ee\" data-element_type=\"widget\" data-settings=\"{&quot;slides_to_show&quot;:&quot;1&quot;,&quot;navigation&quot;:&quot;arrows&quot;,&quot;autoplay&quot;:&quot;yes&quot;,&quot;pause_on_hover&quot;:&quot;yes&quot;,&quot;pause_on_interaction&quot;:&quot;yes&quot;,&quot;autoplay_speed&quot;:5000,&quot;infinite&quot;:&quot;yes&quot;,&quot;effect&quot;:&quot;slide&quot;,&quot;speed&quot;:500}\" data-widget_type=\"image-carousel.default\">\n\t\t\t\t<div class=\"elementor-widget-container\">\n\t\t\t\t\t<div class=\"elementor-image-carousel-wrapper swiper-container\" dir=\"ltr\">\n\t\t\t<div class=\"elementor-image-carousel swiper-wrapper\" aria-live=\"off\">\n\t\t\t\t\t\t\t\t<div class=\"swiper-slide\" role=\"group\" aria-roledescription=\"slide\" aria-label=\"1 of 4\"><figure class=\"swiper-slide-inner\"><img decoding=\"async\" class=\"swiper-slide-image\" src=\"https:\/\/bluemica.pl\/de\/wp-content\/uploads\/elementor\/thumbs\/villa-bluemica-miedzyzdroje-00052-Copy-p7k7okemyt58mzb4amzb91j7kwkoyrs0rpurh8r9f4.jpg\" alt=\"villa bluemica miedzyzdroje 00052 (Copy)\" \/><\/figure><\/div><div class=\"swiper-slide\" role=\"group\" aria-roledescription=\"slide\" aria-label=\"2 of 4\"><figure class=\"swiper-slide-inner\"><img decoding=\"async\" class=\"swiper-slide-image\" src=\"https:\/\/bluemica.pl\/de\/wp-content\/uploads\/elementor\/thumbs\/villa-bluemica-miedzyzdroje-00040-Copy-p7k7okemyt58mzb4amzb91j7kwkoyrs0rpurh8r9f4.jpg\" alt=\"villa bluemica miedzyzdroje 00040 (Copy)\" \/><\/figure><\/div><div class=\"swiper-slide\" role=\"group\" aria-roledescription=\"slide\" aria-label=\"3 of 4\"><figure class=\"swiper-slide-inner\"><img decoding=\"async\" class=\"swiper-slide-image\" src=\"https:\/\/bluemica.pl\/de\/wp-content\/uploads\/elementor\/thumbs\/villa-bluemica-miedzyzdroje-00058-Copy-p7k7okemyt58mzb4amzb91j7kwkoyrs0rpurh8r9f4.jpg\" alt=\"villa bluemica miedzyzdroje 00058 (Copy)\" \/><\/figure><\/div><div class=\"swiper-slide\" role=\"group\" aria-roledescription=\"slide\" aria-label=\"4 of 4\"><figure class=\"swiper-slide-inner\"><img decoding=\"async\" class=\"swiper-slide-image\" src=\"https:\/\/bluemica.pl\/de\/wp-content\/uploads\/elementor\/thumbs\/villa-bluemica-miedzyzdroje-00094-Copy-p7k7okemyt58mzb4amzb91j7kwkoyrs0rpurh8r9f4.jpg\" alt=\"villa bluemica miedzyzdroje 00094 (Copy)\" \/><\/figure><\/div>\t\t\t<\/div>\n\t\t\t\t\t\t\t\t\t\t\t\t<div class=\"elementor-swiper-button elementor-swiper-button-prev\" role=\"button\" tabindex=\"0\">\n\t\t\t\t\t\t<i aria-hidden=\"true\" class=\"eicon-chevron-left\"><\/i>\t\t\t\t\t<\/div>\n\t\t\t\t\t<div class=\"elementor-swiper-button elementor-swiper-button-next\" role=\"button\" tabindex=\"0\">\n\t\t\t\t\t\t<i aria-hidden=\"true\" class=\"eicon-chevron-right\"><\/i>\t\t\t\t\t<\/div>\n\t\t\t\t\n\t\t\t\t\t\t\t\t\t<\/div>\n\t\t\t\t<\/div>\n\t\t\t\t<\/div>\n\t\t\t\t\t<\/div>\n\t\t<\/div>\n\t\t\t\t<div class=\"elementor-column elementor-col-33 elementor-top-column elementor-element elementor-element-160ca9a\" data-id=\"160ca9a\" data-element_type=\"column\">\n\t\t\t<div class=\"elementor-widget-wrap elementor-element-populated\">\n\t\t\t\t\t\t\t\t<div class=\"elementor-element elementor-element-7e466b4 elementor-widget elementor-widget-augustine_core_section_title\" data-id=\"7e466b4\" data-element_type=\"widget\" data-widget_type=\"augustine_core_section_title.default\">\n\t\t\t\t<div class=\"elementor-widget-container\">\n\t\t\t<div class=\"qodef-shortcode qodef-m  qodef-section-title qodef-alignment--left    qodef-separator-appear \">\n\t\t\t<p class=\"qodef-m-subtitle\" >Zimmer<\/p>\n\t\t<h4 class=\"qodef-m-title\" style=\"margin-top: -5px\">\n\t\t\t\t\tF\u00dcR 2 PERSONEN \t\t\t<\/h4>\n\t\t\t<p class=\"qodef-m-text\" >Komfortable Doppelzimmer - ideal f\u00fcr Paare. In jedem von ihnen erwartet Sie ein bequemes Bett, ein Badezimmer, Haartrockner, TV, Minibar, Kaffee- und Teezubereitungsm\u00f6glichkeiten und Zugang zu High-Speed-WLAN.<\/p>\n<\/div>\t\t<\/div>\n\t\t\t\t<\/div>\n\t\t\t\t\t<\/div>\n\t\t<\/div>\n\t\t\t\t\t\t\t<\/div>\n\t\t<\/section>\n\t\t\t\t<section class=\"elementor-section elementor-top-section elementor-element elementor-element-d2a5f37 elementor-section-full_width elementor-section-stretched elementor-section-height-default elementor-section-height-default qodef-elementor-content-no\" data-id=\"d2a5f37\" data-element_type=\"section\" data-settings=\"{&quot;stretch_section&quot;:&quot;section-stretched&quot;}\">\n\t\t\t\t\t\t<div class=\"elementor-container elementor-column-gap-default\">\n\t\t\t\t\t<div class=\"elementor-column elementor-col-33 elementor-top-column elementor-element elementor-element-d19ab6b\" data-id=\"d19ab6b\" data-element_type=\"column\">\n\t\t\t<div class=\"elementor-widget-wrap elementor-element-populated\">\n\t\t\t\t\t\t\t\t<div class=\"elementor-element elementor-element-78e9aa2 elementor-widget elementor-widget-augustine_core_section_title\" data-id=\"78e9aa2\" data-element_type=\"widget\" data-widget_type=\"augustine_core_section_title.default\">\n\t\t\t\t<div class=\"elementor-widget-container\">\n\t\t\t<div class=\"qodef-shortcode qodef-m  qodef-section-title qodef-alignment--left    qodef-separator-appear \">\n\t\t\t<p class=\"qodef-m-subtitle\" >Zimmer<\/p>\n\t\t<h4 class=\"qodef-m-title\" style=\"margin-top: -5px\">\n\t\t\t\t\tDREI-PERSONEN-ZIMMER \t\t\t<\/h4>\n\t\t\t<p class=\"qodef-m-text\" >Au\u00dfergew\u00f6hnliche Drei-Personen-Zimmer, die perfekt f\u00fcr Familien sind. Jedes Zimmer verf\u00fcgt \u00fcber ein bequemes Bett, ein komfortables Schlafsofa, ein Badezimmer, Haartrockner, TV, Minibar, Tee- und Kaffeezubereitungsm\u00f6glichkeiten und High-Speed-WLAN-Zugang.<\/p>\n<\/div>\t\t<\/div>\n\t\t\t\t<\/div>\n\t\t\t\t\t<\/div>\n\t\t<\/div>\n\t\t\t\t<div class=\"elementor-column elementor-col-66 elementor-top-column elementor-element elementor-element-3db03a7\" data-id=\"3db03a7\" data-element_type=\"column\">\n\t\t\t<div class=\"elementor-widget-wrap elementor-element-populated\">\n\t\t\t\t\t\t\t\t<div class=\"elementor-element elementor-element-7b708b1 elementor-arrows-position-inside elementor-widget elementor-widget-image-carousel\" data-id=\"7b708b1\" data-element_type=\"widget\" data-settings=\"{&quot;slides_to_show&quot;:&quot;1&quot;,&quot;navigation&quot;:&quot;arrows&quot;,&quot;autoplay&quot;:&quot;yes&quot;,&quot;pause_on_hover&quot;:&quot;yes&quot;,&quot;pause_on_interaction&quot;:&quot;yes&quot;,&quot;autoplay_speed&quot;:5000,&quot;infinite&quot;:&quot;yes&quot;,&quot;effect&quot;:&quot;slide&quot;,&quot;speed&quot;:500}\" data-widget_type=\"image-carousel.default\">\n\t\t\t\t<div class=\"elementor-widget-container\">\n\t\t\t\t\t<div class=\"elementor-image-carousel-wrapper swiper-container\" dir=\"ltr\">\n\t\t\t<div class=\"elementor-image-carousel swiper-wrapper\" aria-live=\"off\">\n\t\t\t\t\t\t\t\t<div class=\"swiper-slide\" role=\"group\" aria-roledescription=\"slide\" aria-label=\"1 of 5\"><figure class=\"swiper-slide-inner\"><img decoding=\"async\" class=\"swiper-slide-image\" src=\"https:\/\/bluemica.pl\/de\/wp-content\/uploads\/elementor\/thumbs\/villa-bluemica-miedzyzdroje-00020-Copy-p7k7okemyt58mzb4amzb91j7kwkoyrs0rpurh8r9f4.jpg\" alt=\"villa bluemica miedzyzdroje 00020 (Copy)\" \/><\/figure><\/div><div class=\"swiper-slide\" role=\"group\" aria-roledescription=\"slide\" aria-label=\"2 of 5\"><figure class=\"swiper-slide-inner\"><img decoding=\"async\" class=\"swiper-slide-image\" src=\"https:\/\/bluemica.pl\/de\/wp-content\/uploads\/elementor\/thumbs\/villa-bluemica-miedzyzdroje-00032-Copy-p7k7okemyt58mzb4amzb91j7kwkoyrs0rpurh8r9f4.jpg\" alt=\"villa bluemica miedzyzdroje 00032 (Copy)\" \/><\/figure><\/div><div class=\"swiper-slide\" role=\"group\" aria-roledescription=\"slide\" aria-label=\"3 of 5\"><figure class=\"swiper-slide-inner\"><img decoding=\"async\" class=\"swiper-slide-image\" src=\"https:\/\/bluemica.pl\/de\/wp-content\/uploads\/elementor\/thumbs\/villa-bluemica-miedzyzdroje-00022-Copy-p7k7okemyt58mzb4amzb91j7kwkoyrs0rpurh8r9f4.jpg\" alt=\"villa bluemica miedzyzdroje 00022 (Copy)\" \/><\/figure><\/div><div class=\"swiper-slide\" role=\"group\" aria-roledescription=\"slide\" aria-label=\"4 of 5\"><figure class=\"swiper-slide-inner\"><img decoding=\"async\" class=\"swiper-slide-image\" src=\"https:\/\/bluemica.pl\/de\/wp-content\/uploads\/elementor\/thumbs\/villa-bluemica-miedzyzdroje-00025-Copy-p7k7okemyt58mzb4amzb91j7kwkoyrs0rpurh8r9f4.jpg\" alt=\"villa bluemica miedzyzdroje 00025 (Copy)\" \/><\/figure><\/div><div class=\"swiper-slide\" role=\"group\" aria-roledescription=\"slide\" aria-label=\"5 of 5\"><figure class=\"swiper-slide-inner\"><img decoding=\"async\" class=\"swiper-slide-image\" src=\"https:\/\/bluemica.pl\/de\/wp-content\/uploads\/elementor\/thumbs\/villa-bluemica-miedzyzdroje-00024-Copy-p7k7okemyt58mzb4amzb91j7kwkoyrs0rpurh8r9f4.jpg\" alt=\"villa bluemica miedzyzdroje 00024 (Copy)\" \/><\/figure><\/div>\t\t\t<\/div>\n\t\t\t\t\t\t\t\t\t\t\t\t<div class=\"elementor-swiper-button elementor-swiper-button-prev\" role=\"button\" tabindex=\"0\">\n\t\t\t\t\t\t<i aria-hidden=\"true\" class=\"eicon-chevron-left\"><\/i>\t\t\t\t\t<\/div>\n\t\t\t\t\t<div class=\"elementor-swiper-button elementor-swiper-button-next\" role=\"button\" tabindex=\"0\">\n\t\t\t\t\t\t<i aria-hidden=\"true\" class=\"eicon-chevron-right\"><\/i>\t\t\t\t\t<\/div>\n\t\t\t\t\n\t\t\t\t\t\t\t\t\t<\/div>\n\t\t\t\t<\/div>\n\t\t\t\t<\/div>\n\t\t\t\t\t<\/div>\n\t\t<\/div>\n\t\t\t\t\t\t\t<\/div>\n\t\t<\/section>\n\t\t\t\t<section class=\"elementor-section elementor-top-section elementor-element elementor-element-401f234 elementor-section-full_width elementor-section-stretched elementor-section-height-default elementor-section-height-default qodef-elementor-content-no\" data-id=\"401f234\" data-element_type=\"section\" data-settings=\"{&quot;stretch_section&quot;:&quot;section-stretched&quot;}\">\n\t\t\t\t\t\t<div class=\"elementor-container elementor-column-gap-default\">\n\t\t\t\t\t<div class=\"elementor-column elementor-col-66 elementor-top-column elementor-element elementor-element-84eaba6\" data-id=\"84eaba6\" data-element_type=\"column\">\n\t\t\t<div class=\"elementor-widget-wrap elementor-element-populated\">\n\t\t\t\t\t\t\t\t<div class=\"elementor-element elementor-element-45690f0 elementor-arrows-position-inside elementor-widget elementor-widget-image-carousel\" data-id=\"45690f0\" data-element_type=\"widget\" data-settings=\"{&quot;slides_to_show&quot;:&quot;1&quot;,&quot;navigation&quot;:&quot;arrows&quot;,&quot;autoplay&quot;:&quot;yes&quot;,&quot;pause_on_hover&quot;:&quot;yes&quot;,&quot;pause_on_interaction&quot;:&quot;yes&quot;,&quot;autoplay_speed&quot;:5000,&quot;infinite&quot;:&quot;yes&quot;,&quot;effect&quot;:&quot;slide&quot;,&quot;speed&quot;:500}\" data-widget_type=\"image-carousel.default\">\n\t\t\t\t<div class=\"elementor-widget-container\">\n\t\t\t\t\t<div class=\"elementor-image-carousel-wrapper swiper-container\" dir=\"ltr\">\n\t\t\t<div class=\"elementor-image-carousel swiper-wrapper\" aria-live=\"off\">\n\t\t\t\t\t\t\t\t<div class=\"swiper-slide\" role=\"group\" aria-roledescription=\"slide\" aria-label=\"1 of 5\"><figure class=\"swiper-slide-inner\"><img decoding=\"async\" class=\"swiper-slide-image\" src=\"https:\/\/bluemica.pl\/de\/wp-content\/uploads\/elementor\/thumbs\/apartament-miedzyzdroje00027-ppq6rebdnubvrtrnk3zgbzm9wd6nntu683n1gnffcs.jpg\" alt=\"apartament miedzyzdroje00027\" \/><\/figure><\/div><div class=\"swiper-slide\" role=\"group\" aria-roledescription=\"slide\" aria-label=\"2 of 5\"><figure class=\"swiper-slide-inner\"><img decoding=\"async\" class=\"swiper-slide-image\" src=\"https:\/\/bluemica.pl\/de\/wp-content\/uploads\/elementor\/thumbs\/apartament-miedzyzdroje0003-ppq6r07stbskxoc4ufw1sl6czl45gda765ur9i0by4.jpg\" alt=\"apartament miedzyzdroje0003\" \/><\/figure><\/div><div class=\"swiper-slide\" role=\"group\" aria-roledescription=\"slide\" aria-label=\"3 of 5\"><figure class=\"swiper-slide-inner\"><img decoding=\"async\" class=\"swiper-slide-image\" src=\"https:\/\/bluemica.pl\/de\/wp-content\/uploads\/elementor\/thumbs\/apartament-miedzyzdroje00011a-ppqrd3soijo72qe9i7uhcblcozeghpd777p57xovi4.jpg\" alt=\"apartament miedzyzdroje00011a\" \/><\/figure><\/div><div class=\"swiper-slide\" role=\"group\" aria-roledescription=\"slide\" aria-label=\"4 of 5\"><figure class=\"swiper-slide-inner\"><img decoding=\"async\" class=\"swiper-slide-image\" src=\"https:\/\/bluemica.pl\/de\/wp-content\/uploads\/elementor\/thumbs\/villa-bluemica-miedzyzdroje-00069-Copy-p7k7okemyt4yeomz4ln2zhm7dzclbtsfgz3ugrhrwc.jpg\" alt=\"villa bluemica miedzyzdroje 00069 (Copy)\" \/><\/figure><\/div><div class=\"swiper-slide\" role=\"group\" aria-roledescription=\"slide\" aria-label=\"5 of 5\"><figure class=\"swiper-slide-inner\"><img decoding=\"async\" class=\"swiper-slide-image\" src=\"https:\/\/bluemica.pl\/de\/wp-content\/uploads\/elementor\/thumbs\/villa-bluemica-miedzyzdroje-00070-Copy-p7k7okemyt4yeomz4ln2zhm7dzclbtsfgz3ugrhrwc.jpg\" alt=\"villa bluemica miedzyzdroje 00070 (Copy)\" \/><\/figure><\/div>\t\t\t<\/div>\n\t\t\t\t\t\t\t\t\t\t\t\t<div class=\"elementor-swiper-button elementor-swiper-button-prev\" role=\"button\" tabindex=\"0\">\n\t\t\t\t\t\t<i aria-hidden=\"true\" class=\"eicon-chevron-left\"><\/i>\t\t\t\t\t<\/div>\n\t\t\t\t\t<div class=\"elementor-swiper-button elementor-swiper-button-next\" role=\"button\" tabindex=\"0\">\n\t\t\t\t\t\t<i aria-hidden=\"true\" class=\"eicon-chevron-right\"><\/i>\t\t\t\t\t<\/div>\n\t\t\t\t\n\t\t\t\t\t\t\t\t\t<\/div>\n\t\t\t\t<\/div>\n\t\t\t\t<\/div>\n\t\t\t\t\t<\/div>\n\t\t<\/div>\n\t\t\t\t<div class=\"elementor-column elementor-col-33 elementor-top-column elementor-element elementor-element-7446196\" data-id=\"7446196\" data-element_type=\"column\">\n\t\t\t<div class=\"elementor-widget-wrap elementor-element-populated\">\n\t\t\t\t\t\t\t\t<div class=\"elementor-element elementor-element-c4df0de elementor-widget elementor-widget-augustine_core_section_title\" data-id=\"c4df0de\" data-element_type=\"widget\" data-widget_type=\"augustine_core_section_title.default\">\n\t\t\t\t<div class=\"elementor-widget-container\">\n\t\t\t<div class=\"qodef-shortcode qodef-m  qodef-section-title qodef-alignment--left    qodef-separator-appear \">\n\t\t\t<p class=\"qodef-m-subtitle\" >Zimmer<\/p>\n\t\t<h4 class=\"qodef-m-title\" style=\"margin-top: -5px\">\n\t\t\t\t\t4-PERSONEN-ZIMMER \t\t\t<\/h4>\n\t\t\t<p class=\"qodef-m-text\" >Wundersch\u00f6ne Zimmer im Studio-Typ f\u00fcr vier Personen - ideal f\u00fcr einen Familienurlaub oder einen Aufenthalt mit Freunden. Jedes Zimmer verf\u00fcgt \u00fcber ein bequemes Bett, ein Schlafsofa, ein Badezimmer, Haartrockner, TV, Minibar, Tee- und Kaffeezubereitungsm\u00f6glichkeiten und Zugang zu High-Speed-WLAN.<\/p>\n<\/div>\t\t<\/div>\n\t\t\t\t<\/div>\n\t\t\t\t\t<\/div>\n\t\t<\/div>\n\t\t\t\t\t\t\t<\/div>\n\t\t<\/section>\n\t\t\t\t<section class=\"elementor-section elementor-top-section elementor-element elementor-element-c4f9d15 elementor-section-boxed elementor-section-height-default elementor-section-height-default qodef-elementor-content-no\" data-id=\"c4f9d15\" data-element_type=\"section\">\n\t\t\t\t\t\t<div class=\"elementor-container elementor-column-gap-default\">\n\t\t\t\t\t<div class=\"elementor-column elementor-col-100 elementor-top-column elementor-element elementor-element-dc0fcfa\" data-id=\"dc0fcfa\" data-element_type=\"column\">\n\t\t\t<div class=\"elementor-widget-wrap elementor-element-populated\">\n\t\t\t\t\t\t\t\t<div class=\"elementor-element elementor-element-d149b19 elementor-widget__width-initial elementor-widget-mobile__width-initial elementor-widget elementor-widget-augustine_core_button\" data-id=\"d149b19\" data-element_type=\"widget\" data-widget_type=\"augustine_core_button.default\">\n\t\t\t\t<div class=\"elementor-widget-container\">\n\t\t\t<a class=\"qodef-shortcode qodef-m  qodef-button qodef-layout--rounded  qodef-html--link \" href=\"https:\/\/bluemica.pl\/de\/reservierungen\" target=\"_blank\"  >\n\t<span class=\"qodef-m-background\" ><\/span>\n\t<span class=\"qodef-m-text\">reservierungen<\/span>\n<\/a>\t\t<\/div>\n\t\t\t\t<\/div>\n\t\t\t\t<div class=\"elementor-element elementor-element-0bc52c0 elementor-widget__width-initial elementor-widget-mobile__width-initial elementor-widget elementor-widget-augustine_core_button\" data-id=\"0bc52c0\" data-element_type=\"widget\" data-widget_type=\"augustine_core_button.default\">\n\t\t\t\t<div class=\"elementor-widget-container\">\n\t\t\t<a class=\"qodef-shortcode qodef-m  qodef-button qodef-layout--rounded  qodef-html--link \" href=\"https:\/\/bluemica.pl\/de\/fotogallerie\" target=\"_blank\"  >\n\t<span class=\"qodef-m-background\" ><\/span>\n\t<span class=\"qodef-m-text\">fotogallerie<\/span>\n<\/a>\t\t<\/div>\n\t\t\t\t<\/div>\n\t\t\t\t\t<\/div>\n\t\t<\/div>\n\t\t\t\t\t\t\t<\/div>\n\t\t<\/section>\n\t\t\t\t\t\t\t<\/div>\n\t\t","protected":false},"excerpt":{"rendered":"<p>Unsere Zimmer Unsere Villa bietet komfortable 2-, 3- und 4-Bett-Zimmer (Studio-Typ). Alle Zimmer sind mit Bad, Haartrockner, TV, Minibar, Tee- und Kaffeezubereitungsm\u00f6glichkeiten und High-Speed-WLAN-Zugang ausgestattet. Die Zimmer in der ersten und zweiten Etage haben einen eigenen Balkon. Es gibt eine voll ausgestattete K\u00fcche und ein Esszimmer auf dem Gel\u00e4nde. Au\u00dferdem verf\u00fcgen wir \u00fcber einen Grillplatz [&hellip;]<\/p>\n","protected":false},"author":1,"featured_media":0,"parent":0,"menu_order":0,"comment_status":"closed","ping_status":"closed","template":"","meta":{"footnotes":""},"_links":{"self":[{"href":"https:\/\/bluemica.pl\/de\/wp-json\/wp\/v2\/pages\/2"}],"collection":[{"href":"https:\/\/bluemica.pl\/de\/wp-json\/wp\/v2\/pages"}],"about":[{"href":"https:\/\/bluemica.pl\/de\/wp-json\/wp\/v2\/types\/page"}],"author":[{"embeddable":true,"href":"https:\/\/bluemica.pl\/de\/wp-json\/wp\/v2\/users\/1"}],"replies":[{"embeddable":true,"href":"https:\/\/bluemica.pl\/de\/wp-json\/wp\/v2\/comments?post=2"}],"version-history":[{"count":134,"href":"https:\/\/bluemica.pl\/de\/wp-json\/wp\/v2\/pages\/2\/revisions"}],"predecessor-version":[{"id":12283,"href":"https:\/\/bluemica.pl\/de\/wp-json\/wp\/v2\/pages\/2\/revisions\/12283"}],"wp:attachment":[{"href":"https:\/\/bluemica.pl\/de\/wp-json\/wp\/v2\/media?parent=2"}],"curies":[{"name":"wp","href":"https:\/\/api.w.org\/{rel}","templated":true}]}}